{"id":13514,"date":"2022-05-20T13:35:56","date_gmt":"2022-05-20T11:35:56","guid":{"rendered":"https:\/\/ccfs.cz\/?page_id=13514"},"modified":"2023-11-08T21:29:19","modified_gmt":"2023-11-08T20:29:19","slug":"portfolio","status":"publish","type":"page","link":"https:\/\/ccfs.cz\/en\/portfolio\/","title":{"rendered":"Portfolio"},"content":{"rendered":"<div data-elementor-type=\"wp-page\" data-elementor-id=\"13514\" class=\"elementor elementor-13514\">\n\t\t\t\t\t\t\t\t\t<section class=\"elementor-section elementor-top-section elementor-element elementor-element-aa2d044 elementor-section-boxed elementor-section-height-default elementor-section-height-default qodef-elementor-content-no qodef-vertical-text-holder-no\" data-id=\"aa2d044\" data-element_type=\"section\">\n\t\t\t\t\t\t<div class=\"elementor-container elementor-column-gap-default\">\n\t\t\t\t\t<div class=\"elementor-column elementor-col-100 elementor-top-column elementor-element elementor-element-4d68035\" data-id=\"4d68035\" data-element_type=\"column\">\n\t\t\t<div class=\"elementor-widget-wrap elementor-element-populated\">\n\t\t\t\t\t\t\t\t<div class=\"elementor-element elementor-element-2b55fe5 elementor-widget elementor-widget-biotellus_core_blog_list\" data-id=\"2b55fe5\" data-element_type=\"widget\" data-widget_type=\"biotellus_core_blog_list.default\">\n\t\t\t\t<div class=\"elementor-widget-container\">\n\t\t\t<div class=\"qodef-shortcode qodef-m  qodef-blog qodef-item-layout--info-slider qodef-grid qodef-layout--columns  qodef-gutter--normal qodef-col-num--3 qodef-item-layout--info-slider qodef--no-bottom-space qodef-pagination--off qodef-responsive--predefined\" data-options=\"{&quot;plugin&quot;:&quot;biotellus_core&quot;,&quot;module&quot;:&quot;blog\\\/shortcodes&quot;,&quot;shortcode&quot;:&quot;blog-list&quot;,&quot;post_type&quot;:&quot;post&quot;,&quot;next_page&quot;:&quot;2&quot;,&quot;behavior&quot;:&quot;columns&quot;,&quot;images_proportion&quot;:&quot;biotellus_core_image_size_square&quot;,&quot;columns&quot;:&quot;3&quot;,&quot;columns_responsive&quot;:&quot;predefined&quot;,&quot;space&quot;:&quot;normal&quot;,&quot;posts_per_page&quot;:&quot;-1&quot;,&quot;orderby&quot;:&quot;title&quot;,&quot;order&quot;:&quot;ASC&quot;,&quot;layout&quot;:&quot;info-slider&quot;,&quot;title_tag&quot;:&quot;h4&quot;,&quot;pagination_type&quot;:&quot;no-pagination&quot;,&quot;skin&quot;:&quot;default&quot;,&quot;object_class_name&quot;:&quot;BiotellusCore_Blog_List_Shortcode&quot;,&quot;taxonomy_filter&quot;:&quot;category&quot;,&quot;space_value&quot;:15}\">\n\t\t<div class=\"qodef-grid-inner clear\">\n\t\t<article class=\"qodef-e qodef-blog-item qodef-grid-item qodef-item--square post-12829 post type-post status-publish format-standard has-post-thumbnail hentry category-czech-capital-re-subfund-en\">\n\t<div class=\"qodef-e-inner\">\n\t\t\t<div class=\"qodef-image-date\">\n\t\t\n\t<\/div>\n\t<div class=\"qodef-e-media-image\">\n\t\t<a itemprop=\"url\" href=\"https:\/\/ccfs.cz\/en\/branicka-146\/\">\n\t\t\t<img loading=\"lazy\" width=\"650\" height=\"650\" src=\"https:\/\/ccfs.cz\/wp-content\/uploads\/ccfs-branicka-1-1300x1300.png-650x650.webp\" class=\"attachment-biotellus_core_image_size_square size-biotellus_core_image_size_square wp-post-image\" alt=\"\" decoding=\"async\" srcset=\"https:\/\/ccfs.cz\/wp-content\/uploads\/ccfs-branicka-1-1300x1300.png-650x650.webp 650w, https:\/\/ccfs.cz\/wp-content\/uploads\/ccfs-branicka-1-1300x1300.png-300x300.webp 300w, https:\/\/ccfs.cz\/wp-content\/uploads\/ccfs-branicka-1-1300x1300.png-1024x1024.webp 1024w, https:\/\/ccfs.cz\/wp-content\/uploads\/ccfs-branicka-1-1300x1300.png-150x150.webp 150w, https:\/\/ccfs.cz\/wp-content\/uploads\/ccfs-branicka-1-1300x1300.png-768x768.webp 768w, https:\/\/ccfs.cz\/wp-content\/uploads\/ccfs-branicka-1-1300x1300.png-12x12.webp 12w, https:\/\/ccfs.cz\/wp-content\/uploads\/ccfs-branicka-1-1300x1300.png.webp 1300w\" sizes=\"(max-width: 650px) 100vw, 650px\" \/>\t\t<\/a>\n\t<\/div>\n\t\t<div class=\"qodef-e-content\">\n\t\t\t<div class=\"qodef-e-supertitle-holder\">\n\t\t\t\t\t\t\t<\/div>\n\t\t\t<div class=\"qodef-e-text\">\n\t\t\t\t<h4 itemprop=\"name\" class=\"qodef-e-title entry-title\">\n\t\t\t<a itemprop=\"url\" class=\"qodef-e-title-link\" href=\"https:\/\/ccfs.cz\/en\/branicka-146\/\">\n\t\t\tBranick\u00e1 146\t\t\t<\/a>\n\t<\/h4>\n\t\t<p itemprop=\"description\" class=\"qodef-e-excerpt\">In 2017, the fund invested in the purchase of a&nbsp;minority stake in the Branick\u00e1 project. At the end of 2019, the majority owner offered to buy out its full stake.<\/p>\n\t\t\t\t<\/div>\n\t\t\t<div class=\"qodef-e-info qodef-info--bottom\">\n\t\t\t\t<div class=\"qodef-e-info-left\">\n\t\t\t\t\t\t<div class=\"qodef-e-read-more\">\n\t\t<a class=\"qodef-shortcode qodef-m  qodef-button qodef-layout--textual  qodef-html--link\" href=\"https:\/\/ccfs.cz\/en\/branicka-146\/\" target=\"_self\"  >\t<span class=\"qodef-m-text\">Find out more<\/span><\/a>\t<\/div>\n\t\t\t\t<\/div>\n\t\t\t\t<div class=\"qodef-e-info-slider\">\n\t\t\t\t<\/div>\n\t\t\t<\/div>\n\t\t<\/div>\n\t<\/div>\n<\/article>\n<article class=\"qodef-e qodef-blog-item qodef-grid-item qodef-item--square post-12817 post type-post status-publish format-standard has-post-thumbnail hentry category-czech-capital-restart-subfund-en\">\n\t<div class=\"qodef-e-inner\">\n\t\t\t<div class=\"qodef-image-date\">\n\t\t\n\t<\/div>\n\t<div class=\"qodef-e-media-image\">\n\t\t<a itemprop=\"url\" href=\"https:\/\/ccfs.cz\/en\/cerstve-nadojeno\/\">\n\t\t\t<img loading=\"lazy\" width=\"650\" height=\"650\" src=\"https:\/\/ccfs.cz\/wp-content\/uploads\/MG_4232-2-650x650.jpg.webp\" class=\"attachment-biotellus_core_image_size_square size-biotellus_core_image_size_square wp-post-image\" alt=\"\" decoding=\"async\" srcset=\"https:\/\/ccfs.cz\/wp-content\/uploads\/MG_4232-2-650x650.jpg.webp 650w, https:\/\/ccfs.cz\/wp-content\/uploads\/MG_4232-2-650x650.jpg-300x300.webp 300w, https:\/\/ccfs.cz\/wp-content\/uploads\/MG_4232-2-650x650.jpg-150x150.webp 150w, https:\/\/ccfs.cz\/wp-content\/uploads\/MG_4232-2-650x650.jpg-12x12.webp 12w\" sizes=\"(max-width: 650px) 100vw, 650px\" \/>\t\t<\/a>\n\t<\/div>\n\t\t<div class=\"qodef-e-content\">\n\t\t\t<div class=\"qodef-e-supertitle-holder\">\n\t\t\t\t\t\t\t<\/div>\n\t\t\t<div class=\"qodef-e-text\">\n\t\t\t\t<h4 itemprop=\"name\" class=\"qodef-e-title entry-title\">\n\t\t\t<a itemprop=\"url\" class=\"qodef-e-title-link\" href=\"https:\/\/ccfs.cz\/en\/cerstve-nadojeno\/\">\n\t\t\t\u010cerstv\u011b nadojeno\t\t\t<\/a>\n\t<\/h4>\n\t\t<p itemprop=\"description\" class=\"qodef-e-excerpt\">\u010cerstv\u011b nadojeno was established by the acquisition of Ekofarma Kosa\u0159\u016fv ml\u00fdn, which produces organic dairy products under the Bio Vav\u0159inec brand.<\/p>\n\t\t\t\t<\/div>\n\t\t\t<div class=\"qodef-e-info qodef-info--bottom\">\n\t\t\t\t<div class=\"qodef-e-info-left\">\n\t\t\t\t\t\t<div class=\"qodef-e-read-more\">\n\t\t<a class=\"qodef-shortcode qodef-m  qodef-button qodef-layout--textual  qodef-html--link\" href=\"https:\/\/ccfs.cz\/en\/cerstve-nadojeno\/\" target=\"_self\"  >\t<span class=\"qodef-m-text\">Find out more<\/span><\/a>\t<\/div>\n\t\t\t\t<\/div>\n\t\t\t\t<div class=\"qodef-e-info-slider\">\n\t\t\t\t<\/div>\n\t\t\t<\/div>\n\t\t<\/div>\n\t<\/div>\n<\/article>\n<article class=\"qodef-e qodef-blog-item qodef-grid-item qodef-item--square post-12814 post type-post status-publish format-standard has-post-thumbnail hentry category-czech-capital-re-subfund-en\">\n\t<div class=\"qodef-e-inner\">\n\t\t\t<div class=\"qodef-image-date\">\n\t\t\n\t<\/div>\n\t<div class=\"qodef-e-media-image\">\n\t\t<a itemprop=\"url\" href=\"https:\/\/ccfs.cz\/en\/farma-volavec\/\">\n\t\t\t<img loading=\"lazy\" width=\"650\" height=\"650\" src=\"https:\/\/ccfs.cz\/wp-content\/uploads\/Farma-Volavec-2-1300x1300.jpg-650x650.webp\" class=\"attachment-biotellus_core_image_size_square size-biotellus_core_image_size_square wp-post-image\" alt=\"\" decoding=\"async\" srcset=\"https:\/\/ccfs.cz\/wp-content\/uploads\/Farma-Volavec-2-1300x1300.jpg-650x650.webp 650w, https:\/\/ccfs.cz\/wp-content\/uploads\/Farma-Volavec-2-1300x1300.jpg-300x300.webp 300w, https:\/\/ccfs.cz\/wp-content\/uploads\/Farma-Volavec-2-1300x1300.jpg-1024x1024.webp 1024w, https:\/\/ccfs.cz\/wp-content\/uploads\/Farma-Volavec-2-1300x1300.jpg-150x150.webp 150w, https:\/\/ccfs.cz\/wp-content\/uploads\/Farma-Volavec-2-1300x1300.jpg-768x768.webp 768w, https:\/\/ccfs.cz\/wp-content\/uploads\/Farma-Volavec-2-1300x1300.jpg-12x12.webp 12w, https:\/\/ccfs.cz\/wp-content\/uploads\/Farma-Volavec-2-1300x1300.jpg.webp 1300w\" sizes=\"(max-width: 650px) 100vw, 650px\" \/>\t\t<\/a>\n\t<\/div>\n\t\t<div class=\"qodef-e-content\">\n\t\t\t<div class=\"qodef-e-supertitle-holder\">\n\t\t\t\t\t\t\t<\/div>\n\t\t\t<div class=\"qodef-e-text\">\n\t\t\t\t<h4 itemprop=\"name\" class=\"qodef-e-title entry-title\">\n\t\t\t<a itemprop=\"url\" class=\"qodef-e-title-link\" href=\"https:\/\/ccfs.cz\/en\/farma-volavec\/\">\n\t\t\tFarma Volavec\t\t\t<\/a>\n\t<\/h4>\n\t\t<p itemprop=\"description\" class=\"qodef-e-excerpt\">The family business focuses on cattle breeding, milk production, and the production of dairy products using traditional methods.<\/p>\n\t\t\t\t<\/div>\n\t\t\t<div class=\"qodef-e-info qodef-info--bottom\">\n\t\t\t\t<div class=\"qodef-e-info-left\">\n\t\t\t\t\t\t<div class=\"qodef-e-read-more\">\n\t\t<a class=\"qodef-shortcode qodef-m  qodef-button qodef-layout--textual  qodef-html--link\" href=\"https:\/\/ccfs.cz\/en\/farma-volavec\/\" target=\"_self\"  >\t<span class=\"qodef-m-text\">Find out more<\/span><\/a>\t<\/div>\n\t\t\t\t<\/div>\n\t\t\t\t<div class=\"qodef-e-info-slider\">\n\t\t\t\t<\/div>\n\t\t\t<\/div>\n\t\t<\/div>\n\t<\/div>\n<\/article>\n<article class=\"qodef-e qodef-blog-item qodef-grid-item qodef-item--square post-12809 post type-post status-publish format-standard has-post-thumbnail hentry category-czech-capital-re-subfund-en\">\n\t<div class=\"qodef-e-inner\">\n\t\t\t<div class=\"qodef-image-date\">\n\t\t\n\t<\/div>\n\t<div class=\"qodef-e-media-image\">\n\t\t<a itemprop=\"url\" href=\"https:\/\/ccfs.cz\/en\/hermanova\/\">\n\t\t\t<img loading=\"lazy\" width=\"650\" height=\"650\" src=\"https:\/\/ccfs.cz\/wp-content\/uploads\/Hermanova-1-1300x1300.jpg-650x650.webp\" class=\"attachment-biotellus_core_image_size_square size-biotellus_core_image_size_square wp-post-image\" alt=\"\" decoding=\"async\" srcset=\"https:\/\/ccfs.cz\/wp-content\/uploads\/Hermanova-1-1300x1300.jpg-650x650.webp 650w, https:\/\/ccfs.cz\/wp-content\/uploads\/Hermanova-1-1300x1300.jpg-300x300.webp 300w, https:\/\/ccfs.cz\/wp-content\/uploads\/Hermanova-1-1300x1300.jpg-1024x1024.webp 1024w, https:\/\/ccfs.cz\/wp-content\/uploads\/Hermanova-1-1300x1300.jpg-150x150.webp 150w, https:\/\/ccfs.cz\/wp-content\/uploads\/Hermanova-1-1300x1300.jpg-768x768.webp 768w, https:\/\/ccfs.cz\/wp-content\/uploads\/Hermanova-1-1300x1300.jpg-12x12.webp 12w, https:\/\/ccfs.cz\/wp-content\/uploads\/Hermanova-1-1300x1300.jpg.webp 1300w\" sizes=\"(max-width: 650px) 100vw, 650px\" \/>\t\t<\/a>\n\t<\/div>\n\t\t<div class=\"qodef-e-content\">\n\t\t\t<div class=\"qodef-e-supertitle-holder\">\n\t\t\t\t\t\t\t<\/div>\n\t\t\t<div class=\"qodef-e-text\">\n\t\t\t\t<h4 itemprop=\"name\" class=\"qodef-e-title entry-title\">\n\t\t\t<a itemprop=\"url\" class=\"qodef-e-title-link\" href=\"https:\/\/ccfs.cz\/en\/hermanova\/\">\n\t\t\tHe\u0159manova\t\t\t<\/a>\n\t<\/h4>\n\t\t<p itemprop=\"description\" class=\"qodef-e-excerpt\">The residential building features 14 apartments, from studios (1 + kk) to two-bedroom units (3 + kk). After a&nbsp;renovation, all these units were sold.<\/p>\n\t\t\t\t<\/div>\n\t\t\t<div class=\"qodef-e-info qodef-info--bottom\">\n\t\t\t\t<div class=\"qodef-e-info-left\">\n\t\t\t\t\t\t<div class=\"qodef-e-read-more\">\n\t\t<a class=\"qodef-shortcode qodef-m  qodef-button qodef-layout--textual  qodef-html--link\" href=\"https:\/\/ccfs.cz\/en\/hermanova\/\" target=\"_self\"  >\t<span class=\"qodef-m-text\">Find out more<\/span><\/a>\t<\/div>\n\t\t\t\t<\/div>\n\t\t\t\t<div class=\"qodef-e-info-slider\">\n\t\t\t\t<\/div>\n\t\t\t<\/div>\n\t\t<\/div>\n\t<\/div>\n<\/article>\n<article class=\"qodef-e qodef-blog-item qodef-grid-item qodef-item--square post-12816 post type-post status-publish format-standard has-post-thumbnail hentry category-czech-capital-restart-subfund-en\">\n\t<div class=\"qodef-e-inner\">\n\t\t\t<div class=\"qodef-image-date\">\n\t\t\n\t<\/div>\n\t<div class=\"qodef-e-media-image\">\n\t\t<a itemprop=\"url\" href=\"https:\/\/ccfs.cz\/en\/joxty\/\">\n\t\t\t<img loading=\"lazy\" width=\"650\" height=\"650\" src=\"https:\/\/ccfs.cz\/wp-content\/uploads\/DSC_5464-1300x1300.jpg-650x650.webp\" class=\"attachment-biotellus_core_image_size_square size-biotellus_core_image_size_square wp-post-image\" alt=\"\" decoding=\"async\" srcset=\"https:\/\/ccfs.cz\/wp-content\/uploads\/DSC_5464-1300x1300.jpg-650x650.webp 650w, https:\/\/ccfs.cz\/wp-content\/uploads\/DSC_5464-1300x1300.jpg-300x300.webp 300w, https:\/\/ccfs.cz\/wp-content\/uploads\/DSC_5464-1300x1300.jpg-1024x1024.webp 1024w, https:\/\/ccfs.cz\/wp-content\/uploads\/DSC_5464-1300x1300.jpg-150x150.webp 150w, https:\/\/ccfs.cz\/wp-content\/uploads\/DSC_5464-1300x1300.jpg-768x768.webp 768w, https:\/\/ccfs.cz\/wp-content\/uploads\/DSC_5464-1300x1300.jpg-12x12.webp 12w, https:\/\/ccfs.cz\/wp-content\/uploads\/DSC_5464-1300x1300.jpg.webp 1300w\" sizes=\"(max-width: 650px) 100vw, 650px\" \/>\t\t<\/a>\n\t<\/div>\n\t\t<div class=\"qodef-e-content\">\n\t\t\t<div class=\"qodef-e-supertitle-holder\">\n\t\t\t\t\t\t\t<\/div>\n\t\t\t<div class=\"qodef-e-text\">\n\t\t\t\t<h4 itemprop=\"name\" class=\"qodef-e-title entry-title\">\n\t\t\t<a itemprop=\"url\" class=\"qodef-e-title-link\" href=\"https:\/\/ccfs.cz\/en\/joxty\/\">\n\t\t\tJoxty\t\t\t<\/a>\n\t<\/h4>\n\t\t<p itemprop=\"description\" class=\"qodef-e-excerpt\">Enjoy Chips produces vegetable and protein chips. Thanks to patented technology, all the flavour and colour of the vegetables remains in the chips.<\/p>\n\t\t\t\t<\/div>\n\t\t\t<div class=\"qodef-e-info qodef-info--bottom\">\n\t\t\t\t<div class=\"qodef-e-info-left\">\n\t\t\t\t\t\t<div class=\"qodef-e-read-more\">\n\t\t<a class=\"qodef-shortcode qodef-m  qodef-button qodef-layout--textual  qodef-html--link\" href=\"https:\/\/ccfs.cz\/en\/joxty\/\" target=\"_self\"  >\t<span class=\"qodef-m-text\">Find out more<\/span><\/a>\t<\/div>\n\t\t\t\t<\/div>\n\t\t\t\t<div class=\"qodef-e-info-slider\">\n\t\t\t\t<\/div>\n\t\t\t<\/div>\n\t\t<\/div>\n\t<\/div>\n<\/article>\n<article class=\"qodef-e qodef-blog-item qodef-grid-item qodef-item--square post-12793 post type-post status-publish format-standard has-post-thumbnail hentry category-czech-capital-re-subfund-en\">\n\t<div class=\"qodef-e-inner\">\n\t\t\t<div class=\"qodef-image-date\">\n\t\t\n\t<\/div>\n\t<div class=\"qodef-e-media-image\">\n\t\t<a itemprop=\"url\" href=\"https:\/\/ccfs.cz\/en\/production-areas\/\">\n\t\t\t<img loading=\"lazy\" width=\"650\" height=\"650\" src=\"https:\/\/ccfs.cz\/wp-content\/uploads\/sumtex4-650x650.jpg.webp\" class=\"attachment-biotellus_core_image_size_square size-biotellus_core_image_size_square wp-post-image\" alt=\"\" decoding=\"async\" srcset=\"https:\/\/ccfs.cz\/wp-content\/uploads\/sumtex4-650x650.jpg.webp 650w, https:\/\/ccfs.cz\/wp-content\/uploads\/sumtex4-650x650.jpg-300x300.webp 300w, https:\/\/ccfs.cz\/wp-content\/uploads\/sumtex4-650x650.jpg-150x150.webp 150w, https:\/\/ccfs.cz\/wp-content\/uploads\/sumtex4-650x650.jpg-12x12.webp 12w\" sizes=\"(max-width: 650px) 100vw, 650px\" \/>\t\t<\/a>\n\t<\/div>\n\t\t<div class=\"qodef-e-content\">\n\t\t\t<div class=\"qodef-e-supertitle-holder\">\n\t\t\t\t\t\t\t<\/div>\n\t\t\t<div class=\"qodef-e-text\">\n\t\t\t\t<h4 itemprop=\"name\" class=\"qodef-e-title entry-title\">\n\t\t\t<a itemprop=\"url\" class=\"qodef-e-title-link\" href=\"https:\/\/ccfs.cz\/en\/production-areas\/\">\n\t\t\tProduction areas\t\t\t<\/a>\n\t<\/h4>\n\t\t<p itemprop=\"description\" class=\"qodef-e-excerpt\">Founded only in 2016, Fantolis is a&nbsp;well established company specialised in manufacturing industrial robots and designing automated workplaces.<\/p>\n\t\t\t\t<\/div>\n\t\t\t<div class=\"qodef-e-info qodef-info--bottom\">\n\t\t\t\t<div class=\"qodef-e-info-left\">\n\t\t\t\t\t\t<div class=\"qodef-e-read-more\">\n\t\t<a class=\"qodef-shortcode qodef-m  qodef-button qodef-layout--textual  qodef-html--link\" href=\"https:\/\/ccfs.cz\/en\/production-areas\/\" target=\"_self\"  >\t<span class=\"qodef-m-text\">Find out more<\/span><\/a>\t<\/div>\n\t\t\t\t<\/div>\n\t\t\t\t<div class=\"qodef-e-info-slider\">\n\t\t\t\t<\/div>\n\t\t\t<\/div>\n\t\t<\/div>\n\t<\/div>\n<\/article>\n<article class=\"qodef-e qodef-blog-item qodef-grid-item qodef-item--square post-12812 post type-post status-publish format-standard has-post-thumbnail hentry category-czech-capital-restart-subfund-en\">\n\t<div class=\"qodef-e-inner\">\n\t\t\t<div class=\"qodef-image-date\">\n\t\t\n\t<\/div>\n\t<div class=\"qodef-e-media-image\">\n\t\t<a itemprop=\"url\" href=\"https:\/\/ccfs.cz\/en\/rojek\/\">\n\t\t\t<img loading=\"lazy\" width=\"650\" height=\"650\" src=\"https:\/\/ccfs.cz\/wp-content\/uploads\/DSC1809n-1300x1300.jpg-650x650.webp\" class=\"attachment-biotellus_core_image_size_square size-biotellus_core_image_size_square wp-post-image\" alt=\"\" decoding=\"async\" srcset=\"https:\/\/ccfs.cz\/wp-content\/uploads\/DSC1809n-1300x1300.jpg-650x650.webp 650w, https:\/\/ccfs.cz\/wp-content\/uploads\/DSC1809n-1300x1300.jpg-300x300.webp 300w, https:\/\/ccfs.cz\/wp-content\/uploads\/DSC1809n-1300x1300.jpg-1024x1024.webp 1024w, https:\/\/ccfs.cz\/wp-content\/uploads\/DSC1809n-1300x1300.jpg-150x150.webp 150w, https:\/\/ccfs.cz\/wp-content\/uploads\/DSC1809n-1300x1300.jpg-768x768.webp 768w, https:\/\/ccfs.cz\/wp-content\/uploads\/DSC1809n-1300x1300.jpg-12x12.webp 12w, https:\/\/ccfs.cz\/wp-content\/uploads\/DSC1809n-1300x1300.jpg.webp 1300w\" sizes=\"(max-width: 650px) 100vw, 650px\" \/>\t\t<\/a>\n\t<\/div>\n\t\t<div class=\"qodef-e-content\">\n\t\t\t<div class=\"qodef-e-supertitle-holder\">\n\t\t\t\t\t\t\t<\/div>\n\t\t\t<div class=\"qodef-e-text\">\n\t\t\t\t<h4 itemprop=\"name\" class=\"qodef-e-title entry-title\">\n\t\t\t<a itemprop=\"url\" class=\"qodef-e-title-link\" href=\"https:\/\/ccfs.cz\/en\/rojek\/\">\n\t\t\tRojek\t\t\t<\/a>\n\t<\/h4>\n\t\t<p itemprop=\"description\" class=\"qodef-e-excerpt\">The 100-year-old and family-owned company Rojek is a&nbsp;major manufacturer of woodworking machines with a&nbsp;global business presence.<\/p>\n\t\t\t\t<\/div>\n\t\t\t<div class=\"qodef-e-info qodef-info--bottom\">\n\t\t\t\t<div class=\"qodef-e-info-left\">\n\t\t\t\t\t\t<div class=\"qodef-e-read-more\">\n\t\t<a class=\"qodef-shortcode qodef-m  qodef-button qodef-layout--textual  qodef-html--link\" href=\"https:\/\/ccfs.cz\/en\/rojek\/\" target=\"_self\"  >\t<span class=\"qodef-m-text\">Find out more<\/span><\/a>\t<\/div>\n\t\t\t\t<\/div>\n\t\t\t\t<div class=\"qodef-e-info-slider\">\n\t\t\t\t<\/div>\n\t\t\t<\/div>\n\t\t<\/div>\n\t<\/div>\n<\/article>\n<article class=\"qodef-e qodef-blog-item qodef-grid-item qodef-item--square post-12811 post type-post status-publish format-standard has-post-thumbnail hentry category-czech-capital-restart-subfund-en\">\n\t<div class=\"qodef-e-inner\">\n\t\t\t<div class=\"qodef-image-date\">\n\t\t\n\t<\/div>\n\t<div class=\"qodef-e-media-image\">\n\t\t<a itemprop=\"url\" href=\"https:\/\/ccfs.cz\/en\/sumtex-europe\/\">\n\t\t\t<img loading=\"lazy\" width=\"650\" height=\"650\" src=\"https:\/\/ccfs.cz\/wp-content\/uploads\/DSC6342-1300x1300.jpg-650x650.webp\" class=\"attachment-biotellus_core_image_size_square size-biotellus_core_image_size_square wp-post-image\" alt=\"\" decoding=\"async\" srcset=\"https:\/\/ccfs.cz\/wp-content\/uploads\/DSC6342-1300x1300.jpg-650x650.webp 650w, https:\/\/ccfs.cz\/wp-content\/uploads\/DSC6342-1300x1300.jpg-300x300.webp 300w, https:\/\/ccfs.cz\/wp-content\/uploads\/DSC6342-1300x1300.jpg-1024x1024.webp 1024w, https:\/\/ccfs.cz\/wp-content\/uploads\/DSC6342-1300x1300.jpg-150x150.webp 150w, https:\/\/ccfs.cz\/wp-content\/uploads\/DSC6342-1300x1300.jpg-768x768.webp 768w, https:\/\/ccfs.cz\/wp-content\/uploads\/DSC6342-1300x1300.jpg-12x12.webp 12w, https:\/\/ccfs.cz\/wp-content\/uploads\/DSC6342-1300x1300.jpg.webp 1300w\" sizes=\"(max-width: 650px) 100vw, 650px\" \/>\t\t<\/a>\n\t<\/div>\n\t\t<div class=\"qodef-e-content\">\n\t\t\t<div class=\"qodef-e-supertitle-holder\">\n\t\t\t\t\t\t\t<\/div>\n\t\t\t<div class=\"qodef-e-text\">\n\t\t\t\t<h4 itemprop=\"name\" class=\"qodef-e-title entry-title\">\n\t\t\t<a itemprop=\"url\" class=\"qodef-e-title-link\" href=\"https:\/\/ccfs.cz\/en\/sumtex-europe\/\">\n\t\t\tSumtex Europe\t\t\t<\/a>\n\t<\/h4>\n\t\t<p itemprop=\"description\" class=\"qodef-e-excerpt\">Sumtex is a&nbsp;stable Czech company with 180 years of history. It produces cut-to-size fabrics made to order according to the customer's desired specifications.<\/p>\n\t\t\t\t<\/div>\n\t\t\t<div class=\"qodef-e-info qodef-info--bottom\">\n\t\t\t\t<div class=\"qodef-e-info-left\">\n\t\t\t\t\t\t<div class=\"qodef-e-read-more\">\n\t\t<a class=\"qodef-shortcode qodef-m  qodef-button qodef-layout--textual  qodef-html--link\" href=\"https:\/\/ccfs.cz\/en\/sumtex-europe\/\" target=\"_self\"  >\t<span class=\"qodef-m-text\">Find out more<\/span><\/a>\t<\/div>\n\t\t\t\t<\/div>\n\t\t\t\t<div class=\"qodef-e-info-slider\">\n\t\t\t\t<\/div>\n\t\t\t<\/div>\n\t\t<\/div>\n\t<\/div>\n<\/article>\n<article class=\"qodef-e qodef-blog-item qodef-grid-item qodef-item--square post-12808 post type-post status-publish format-standard has-post-thumbnail hentry category-czech-capital-restart-subfund-en\">\n\t<div class=\"qodef-e-inner\">\n\t\t\t<div class=\"qodef-image-date\">\n\t\t\n\t<\/div>\n\t<div class=\"qodef-e-media-image\">\n\t\t<a itemprop=\"url\" href=\"https:\/\/ccfs.cz\/en\/velos\/\">\n\t\t\t<img loading=\"lazy\" width=\"650\" height=\"650\" src=\"https:\/\/ccfs.cz\/wp-content\/uploads\/velos1-1-650x650.jpg.webp\" class=\"attachment-biotellus_core_image_size_square size-biotellus_core_image_size_square wp-post-image\" alt=\"\" decoding=\"async\" srcset=\"https:\/\/ccfs.cz\/wp-content\/uploads\/velos1-1-650x650.jpg.webp 650w, https:\/\/ccfs.cz\/wp-content\/uploads\/velos1-1-650x650.jpg-300x300.webp 300w, https:\/\/ccfs.cz\/wp-content\/uploads\/velos1-1-650x650.jpg-150x150.webp 150w, https:\/\/ccfs.cz\/wp-content\/uploads\/velos1-1-650x650.jpg-12x12.webp 12w\" sizes=\"(max-width: 650px) 100vw, 650px\" \/>\t\t<\/a>\n\t<\/div>\n\t\t<div class=\"qodef-e-content\">\n\t\t\t<div class=\"qodef-e-supertitle-holder\">\n\t\t\t\t\t\t\t<\/div>\n\t\t\t<div class=\"qodef-e-text\">\n\t\t\t\t<h4 itemprop=\"name\" class=\"qodef-e-title entry-title\">\n\t\t\t<a itemprop=\"url\" class=\"qodef-e-title-link\" href=\"https:\/\/ccfs.cz\/en\/velos\/\">\n\t\t\tVelos\t\t\t<\/a>\n\t<\/h4>\n\t\t<p itemprop=\"description\" class=\"qodef-e-excerpt\">Velos focuses on manufacturing of metal products, which includes their surface treatment. You will find Czech and international brands among their clients.<\/p>\n\t\t\t\t<\/div>\n\t\t\t<div class=\"qodef-e-info qodef-info--bottom\">\n\t\t\t\t<div class=\"qodef-e-info-left\">\n\t\t\t\t\t\t<div class=\"qodef-e-read-more\">\n\t\t<a class=\"qodef-shortcode qodef-m  qodef-button qodef-layout--textual  qodef-html--link\" href=\"https:\/\/ccfs.cz\/en\/velos\/\" target=\"_self\"  >\t<span class=\"qodef-m-text\">Find out more<\/span><\/a>\t<\/div>\n\t\t\t\t<\/div>\n\t\t\t\t<div class=\"qodef-e-info-slider\">\n\t\t\t\t<\/div>\n\t\t\t<\/div>\n\t\t<\/div>\n\t<\/div>\n<\/article>\n\t<\/div>\n\t<\/div>\n\t\t<\/div>\n\t\t\t\t<\/div>\n\t\t\t\t\t<\/div>\n\t\t<\/div>\n\t\t\t\t\t\t\t<\/div>\n\t\t<\/section>\n\t\t\t\t\t\t\t<\/div>","protected":false},"excerpt":{"rendered":"<p>Branick\u00e1 146 In 2017, the fund invested in the purchase of a&nbsp;minority stake in the Branick\u00e1 project. At the end of 2019, the majority owner offered to buy out its full stake. Find out more \u010cerstv\u011b nadojeno \u010cerstv\u011b nadojeno was established by the acquisition of Ekofarma Kosa\u0159\u016fv ml\u00fdn, which produces organic dairy products under the [&hellip;]<\/p>","protected":false},"author":3,"featured_media":0,"parent":0,"menu_order":0,"comment_status":"closed","ping_status":"closed","template":"elementor_header_footer","meta":{"footnotes":""},"lang":"en","translations":{"en":13514,"cs":13378},"_links":{"self":[{"href":"https:\/\/ccfs.cz\/en\/wp-json\/wp\/v2\/pages\/13514"}],"collection":[{"href":"https:\/\/ccfs.cz\/en\/wp-json\/wp\/v2\/pages"}],"about":[{"href":"https:\/\/ccfs.cz\/en\/wp-json\/wp\/v2\/types\/page"}],"author":[{"embeddable":true,"href":"https:\/\/ccfs.cz\/en\/wp-json\/wp\/v2\/users\/3"}],"replies":[{"embeddable":true,"href":"https:\/\/ccfs.cz\/en\/wp-json\/wp\/v2\/comments?post=13514"}],"version-history":[{"count":9,"href":"https:\/\/ccfs.cz\/en\/wp-json\/wp\/v2\/pages\/13514\/revisions"}],"predecessor-version":[{"id":15730,"href":"https:\/\/ccfs.cz\/en\/wp-json\/wp\/v2\/pages\/13514\/revisions\/15730"}],"wp:attachment":[{"href":"https:\/\/ccfs.cz\/en\/wp-json\/wp\/v2\/media?parent=13514"}],"curies":[{"name":"wp","href":"https:\/\/api.w.org\/{rel}","templated":true}]}}